	 {"id":1701,"date":"2020-08-04T08:34:53","date_gmt":"2020-08-04T06:34:53","guid":{"rendered":"https:\/\/www.mts.si\/moj-racun\/"},"modified":"2020-09-18T14:03:30","modified_gmt":"2020-09-18T12:03:30","slug":"moj-racun","status":"publish","type":"page","link":"https:\/\/www.mts.si\/hr\/moj-racun\/","title":{"rendered":"Moj ra\u010dun"},"content":{"rendered":"<div id='av_section_1'  class='avia-section main_color avia-section-default avia-no-shadow  avia-full-stretch av-parallax-section av-section-color-overlay-active avia-bg-style-parallax  avia-builder-el-0  el_before_av_section  avia-builder-el-first   av-minimum-height av-minimum-height-custom  container_wrap sidebar_right' style=' '  data-section-bg-repeat='stretch'><div class='av-parallax' data-avia-parallax-ratio='0.3' ><div class='av-parallax-inner main_color  avia-full-stretch' style = 'background-repeat: no-repeat; background-image: url(https:\/\/www.mts.si\/wp-content\/uploads\/2020\/07\/MojRacun1-1500x844.jpg);background-attachment: scroll; background-position: center right; ' ><\/div><\/div><div class='av-section-color-overlay-wrap'><div class='av-section-color-overlay' style='opacity: 0.7; background-color: #0a0a0a; '><\/div><div class='container' style='height:500px'><main  role=\"main\" itemprop=\"mainContentOfPage\"  class='template-page content  av-content-small alpha units'><div class='post-entry post-entry-type-page post-entry-1701'><div class='entry-content-wrapper clearfix'>\n<div  style='padding-bottom:0px; color:#ffffff;font-size:60px;' class='av-special-heading av-special-heading-h1 custom-color-heading blockquote modern-quote  avia-builder-el-1  avia-builder-el-no-sibling  av-thin-font av-inherit-size '><h1 class='av-special-heading-tag '  itemprop=\"headline\"  >MOJ <strong>RA\u010cUN<\/strong><\/h1><div class ='av-subheading av-subheading_below av_custom_color ' style='font-size:18px;'><p>Uvijek a\u017eurni<\/p>\n<\/div><div class='special-heading-border'><div class='special-heading-inner-border' style='border-color:#ffffff'><\/div><\/div><\/div>\n\n<\/div><\/div><\/main><!-- close content main element --><\/div><\/div><\/div><div id='av_section_2'  class='avia-section main_color avia-section-default avia-no-shadow  avia-bg-style-scroll  avia-builder-el-2  el_after_av_section  el_before_av_section   container_wrap sidebar_right' style=' '  ><div class='container' ><div class='template-page content  av-content-small alpha units'><div class='post-entry post-entry-type-page post-entry-1701'><div class='entry-content-wrapper clearfix'>\n<div class=\"flex_column av_one_half  flex_column_div first  avia-builder-el-3  el_before_av_one_half  avia-builder-el-first  \" ><p><div  style='padding-bottom:20px; ' class='av-special-heading av-special-heading-h2  blockquote modern-quote  avia-builder-el-4  el_before_av_hr  avia-builder-el-first  av-thin-font '><h2 class='av-special-heading-tag '  itemprop=\"headline\"  >PRIJAVA U <strong>RA\u010cUN <\/strong><\/h2><div class='special-heading-border'><div class='special-heading-inner-border' ><\/div><\/div><\/div><br \/>\n<div  style=' margin-top:15px; margin-bottom:15px;'  class='hr hr-custom hr-center hr-icon-no   avia-builder-el-5  el_after_av_heading  el_before_av_textblock '><span class='hr-inner  inner-border-av-border-none' style=' width:50px;' ><span class='hr-inner-style'><\/span><\/span><\/div><br \/>\n<section class=\"av_textblock_section \"  itemscope=\"itemscope\" itemtype=\"https:\/\/schema.org\/CreativeWork\" ><div class='avia_textblock  '   itemprop=\"text\" ><p>Na\u0161im klijentima nudimo <strong>elektroni\u010dki uvid u svu dokumentaciju<\/strong> i status pojedinog projekta.<\/p>\n<p>Ako imate podatke za prijavu, unesite ih u donji obrazac.<\/p>\n<\/div><\/section><br \/>\n<section class=\"av_textblock_section \"  itemscope=\"itemscope\" itemtype=\"https:\/\/schema.org\/CreativeWork\" ><div class='avia_textblock  '   itemprop=\"text\" ><form action=\"https:\/\/www.mts.si\/hr\/moj-racun\/\" method=\"post\" class=\"av-form-labels-visible avia-builder-el-7  el_after_av_textblock  avia-builder-el-last\"><h3 class=\"\">Koristite podatke projekta za pristup<\/h3><fieldset><p class=\"  first_form  form_element form_fullwidth\" id=\"element_avia_1_1\"><label for=\"projectfield\">Oznaka projekta<abbr class=\"required\" title=\"required\">*<\/abbr><\/label><input name=\"projectfield\" class=\"text_input is_empty\" type=\"text\" id=\"projectfield\" value=\"\"><\/p><p class=\"  first_form  form_element form_fullwidth av-last-visible-form-element\" id=\"element_avia_2_1\"><label for=\"emailfiled\">E-mail<abbr class=\"required\" title=\"required\">*<\/abbr><\/label><input name=\"emailfiled\" class=\"text_input is_email\" type=\"text\" id=\"emailfiled\" value=\"\"><\/p><p class=\"form_element \"><input type=\"hidden\" value=\"1\" name=\"generated_form1\"><input type=\"submit\" value=\"Zatra\u017eite pristup\" class=\"button\" data-sending-label=\"...\"><\/p><\/fieldset><\/form>\n<\/div><\/section><br \/>\n<section class=\"av_textblock_section \"  itemscope=\"itemscope\" itemtype=\"https:\/\/schema.org\/CreativeWork\" ><div class='avia_textblock  '   itemprop=\"text\" ><p>Primit \u0107ete e-po\u0161tu sa kodom za pristup svom projektu.<\/p>\n<p>Ako ste ve\u0107 primili pristupni kod, mo\u017eete ga unijeti na sljede\u0107u vezu.<\/p>\n<\/div><\/section><br \/>\n<div  class='avia-button-wrap avia-button-left  avia-builder-el-9  el_after_av_textblock  avia-builder-el-last ' ><a href='https:\/\/www.mts.si\/hr\/moj-projekt\/'  class='avia-button  avia-color-theme-color   avia-icon_select-no avia-size-small avia-position-left '   ><span class='avia_iconbox_title' >Koristite podatke projekta za pristup<\/span><\/a><\/div><\/p><\/div><div class=\"flex_column av_one_half  flex_column_div   avia-builder-el-10  el_after_av_one_half  avia-builder-el-last  \" ><p><div  style='padding-bottom:20px; ' class='av-special-heading av-special-heading-h2  blockquote modern-quote  avia-builder-el-11  el_before_av_hr  avia-builder-el-first  av-thin-font '><h2 class='av-special-heading-tag '  itemprop=\"headline\"  >INFORMACIJE <strong>O PROMETU<\/strong><\/h2><div class ='av-subheading av-subheading_below  ' style='font-size:15px;'><p>Aktualne informacije o prometu za Slovenske ceste<\/p>\n<\/div><div class='special-heading-border'><div class='special-heading-inner-border' ><\/div><\/div><\/div><br \/>\n<div  style=' margin-top:15px; margin-bottom:15px;'  class='hr hr-custom hr-center hr-icon-no   avia-builder-el-12  el_after_av_heading  el_before_av_sidebar '><span class='hr-inner  inner-border-av-border-none' style=' width:50px;' ><span class='hr-inner-style'><\/span><\/span><\/div><br \/>\n<div  class='avia-builder-widget-area clearfix  avia-builder-el-13  el_after_av_hr  el_before_av_button '><div id=\"razemrenacestah_widget-6\" class=\"widget clearfix widget_razemrenacestah_widget\"><div class=\"razemrecestaresponse\"><span class=\"resp\"><ul><li style=\"list-style-type: none;\"><h3 itemprop=\"headline\" class=\"av-special-heading-tag\">Delo<img src=\"https:\/\/www.mts.si\/wp-content\/plugins\/razmereceste\/assets\/delo.png\" style=\"width:20px; margin-left:20px\"\/><\/h2>Ljubljana, Predor pod Gradom, dela, popolna zapora, do 15. 4. 2026. Obvoz: po mestnih ulicah.<br><strong>14.04.2026 06:21<\/strong> <br><br><\/li><li style=\"list-style-type: none;\"><h3 itemprop=\"headline\" class=\"av-special-heading-tag\">Ovire<img src=\"https:\/\/www.mts.si\/wp-content\/plugins\/razmereceste\/assets\/ovire.png\" style=\"width:20px; margin-left:20px\"\/><\/h2>A1, Maribor - Ljubljana, izvoz 22 Lukovica iz smeri Maribora, ovira na vozi\u0161\u010du, oviran promet, tovorna vozila na izvozu.<br><strong>14.04.2026 18:20<\/strong> <br><br><\/li><li style=\"list-style-type: none;\"><h3 itemprop=\"headline\" class=\"av-special-heading-tag\">Delo<img src=\"https:\/\/www.mts.si\/wp-content\/plugins\/razmereceste\/assets\/delo.png\" style=\"width:20px; margin-left:20px\"\/><\/h2>Ljubljana, Peruzzijeva ulica, pri \u017eelezni\u0161kem prehodu, dela, popolna zapora. Obvoz: po mestnih ulicah.<br><strong>14.04.2026 10:48<\/strong> <br><br><\/li><\/ul><\/span><\/div><\/div><\/div><br \/>\n<div  class='avia-button-wrap avia-button-center  avia-builder-el-14  el_after_av_sidebar  avia-builder-el-last ' ><a href='\/?page_id=826'  class='avia-button  avia-color-theme-color   avia-icon_select-no avia-size-x-large avia-position-center '   ><span class='avia_iconbox_title' >Sve informacije o prometu<\/span><\/a><\/div><\/p><\/div><\/div><\/div><\/div><!-- close content main div --><\/div><\/div><div id='av_section_3'  class='avia-section main_color avia-section-default avia-no-border-styling  avia-bg-style-scroll  avia-builder-el-15  el_after_av_section  avia-builder-el-last   container_wrap sidebar_right' style='background-color: #e8e8e8;  '  ><div class='container' ><div class='template-page content  av-content-small alpha units'><div class='post-entry post-entry-type-page post-entry-1701'><div class='entry-content-wrapper clearfix'>\n<div  style='padding-bottom:10px; ' class='av-special-heading av-special-heading-h1  blockquote modern-quote  avia-builder-el-16  el_before_av_one_half  avia-builder-el-first  av-thin-font '><h1 class='av-special-heading-tag '  itemprop=\"headline\"  >IMATE LI <strong>UPIT<\/strong>?<\/h1><div class='special-heading-border'><div class='special-heading-inner-border' ><\/div><\/div><\/div>\n<div class=\"flex_column av_one_half  flex_column_div av-zero-column-padding first  avia-builder-el-17  el_after_av_heading  el_before_av_one_half  \" style='border-radius:0px; '><section class=\"av_textblock_section \"  itemscope=\"itemscope\" itemtype=\"https:\/\/schema.org\/CreativeWork\" ><div class='avia_textblock  '   itemprop=\"text\" ><p>Potrebne su vam dodatne informacije ili pak \u017eelite izvr\u0161iti upit ili narud\u017ebu?<\/p>\n<\/div><\/section><\/div><div class=\"flex_column av_one_half  flex_column_div av-zero-column-padding   avia-builder-el-19  el_after_av_one_half  avia-builder-el-last  \" style='border-radius:0px; '><div  class='avia-button-wrap avia-button-center  avia-builder-el-20  avia-builder-el-no-sibling ' ><a href='\/?page_id=18' class='avia-button avia-button-fullwidth   avia-icon_select-no avia-color-theme-color '  style='color:#ffffff; ' ><span class='avia_iconbox_title' >KONTAKTIRAJTE NAS<\/span><span class='avia_button_background avia-button avia-button-fullwidth avia-color-theme-color-highlight' ><\/span><\/a><\/div><\/div>\n<\/div><\/div><\/div><!-- close content main div --><\/div><\/div><div id='after_section_3'  class='main_color av_default_container_wrap container_wrap sidebar_right' style=' '  ><div class='container' ><div class='template-page content  av-content-small alpha units'><div class='post-entry post-entry-type-page post-entry-1701'><div class='entry-content-wrapper clearfix'><\/p>\n","protected":false},"excerpt":{"rendered":"","protected":false},"author":1,"featured_media":0,"parent":0,"menu_order":0,"comment_status":"closed","ping_status":"closed","template":"","meta":[],"yoast_head":"<!-- This site is optimized with the Yoast SEO plugin v15.9 - https:\/\/yoast.com\/wordpress\/plugins\/seo\/ -->\n<title>Moj ra\u010dun - MTS<\/title>\n<meta name=\"robots\" content=\"index, follow, max-snippet:-1, max-image-preview:large, max-video-preview:-1\" \/>\n<link rel=\"canonical\" href=\"https:\/\/www.mts.si\/hr\/moj-racun\/\" \/>\n<meta property=\"og:locale\" content=\"hr_HR\" \/>\n<meta property=\"og:type\" content=\"article\" \/>\n<meta property=\"og:title\" content=\"Moj ra\u010dun - MTS\" \/>\n<meta property=\"og:url\" content=\"https:\/\/www.mts.si\/hr\/moj-racun\/\" \/>\n<meta property=\"og:site_name\" content=\"MTS\" \/>\n<meta property=\"article:publisher\" content=\"https:\/\/www.facebook.com\/logistics.mts\" \/>\n<meta property=\"article:modified_time\" content=\"2020-09-18T12:03:30+00:00\" \/>\n<meta name=\"twitter:card\" content=\"summary_large_image\" \/>\n<meta name=\"twitter:label1\" content=\"Procijenjeno vrijeme \u010ditanja\">\n\t<meta name=\"twitter:data1\" content=\"7 minuta\">\n<script type=\"application\/ld+json\" class=\"yoast-schema-graph\">{\"@context\":\"https:\/\/schema.org\",\"@graph\":[{\"@type\":\"Organization\",\"@id\":\"https:\/\/www.mts.si\/#organization\",\"name\":\"MTS Transportna logistika\",\"url\":\"https:\/\/www.mts.si\/\",\"sameAs\":[\"https:\/\/www.facebook.com\/logistics.mts\",\"https:\/\/www.linkedin.com\/company\/mts-transportna-logistika\",\"https:\/\/www.youtube.com\/channel\/UC6l5aGU0jB7qr9NU2dMVimw\/videos\"],\"logo\":{\"@type\":\"ImageObject\",\"@id\":\"https:\/\/www.mts.si\/#logo\",\"inLanguage\":\"hr\",\"url\":\"https:\/\/www.mts.si\/wp-content\/uploads\/2020\/04\/Logo.png\",\"width\":2500,\"height\":2300,\"caption\":\"MTS Transportna logistika\"},\"image\":{\"@id\":\"https:\/\/www.mts.si\/#logo\"}},{\"@type\":\"WebSite\",\"@id\":\"https:\/\/www.mts.si\/#website\",\"url\":\"https:\/\/www.mts.si\/\",\"name\":\"MTS\",\"description\":\"transportna logistika\",\"publisher\":{\"@id\":\"https:\/\/www.mts.si\/#organization\"},\"potentialAction\":[{\"@type\":\"SearchAction\",\"target\":\"https:\/\/www.mts.si\/?s={search_term_string}\",\"query-input\":\"required name=search_term_string\"}],\"inLanguage\":\"hr\"},{\"@type\":\"WebPage\",\"@id\":\"https:\/\/www.mts.si\/hr\/moj-racun\/#webpage\",\"url\":\"https:\/\/www.mts.si\/hr\/moj-racun\/\",\"name\":\"Moj ra\\u010dun - MTS\",\"isPartOf\":{\"@id\":\"https:\/\/www.mts.si\/#website\"},\"datePublished\":\"2020-08-04T06:34:53+00:00\",\"dateModified\":\"2020-09-18T12:03:30+00:00\",\"breadcrumb\":{\"@id\":\"https:\/\/www.mts.si\/hr\/moj-racun\/#breadcrumb\"},\"inLanguage\":\"hr\",\"potentialAction\":[{\"@type\":\"ReadAction\",\"target\":[\"https:\/\/www.mts.si\/hr\/moj-racun\/\"]}]},{\"@type\":\"BreadcrumbList\",\"@id\":\"https:\/\/www.mts.si\/hr\/moj-racun\/#breadcrumb\",\"itemListElement\":[{\"@type\":\"ListItem\",\"position\":1,\"item\":{\"@type\":\"WebPage\",\"@id\":\"https:\/\/www.mts.si\/hr\/domov\/\",\"url\":\"https:\/\/www.mts.si\/hr\/domov\/\",\"name\":\"Home\"}},{\"@type\":\"ListItem\",\"position\":2,\"item\":{\"@type\":\"WebPage\",\"@id\":\"https:\/\/www.mts.si\/hr\/moj-racun\/\",\"url\":\"https:\/\/www.mts.si\/hr\/moj-racun\/\",\"name\":\"Moj ra\\u010dun\"}}]}]}<\/script>\n<!-- \/ Yoast SEO plugin. -->","_links":{"self":[{"href":"https:\/\/www.mts.si\/hr\/wp-json\/wp\/v2\/pages\/1701"}],"collection":[{"href":"https:\/\/www.mts.si\/hr\/wp-json\/wp\/v2\/pages"}],"about":[{"href":"https:\/\/www.mts.si\/hr\/wp-json\/wp\/v2\/types\/page"}],"author":[{"embeddable":true,"href":"https:\/\/www.mts.si\/hr\/wp-json\/wp\/v2\/users\/1"}],"replies":[{"embeddable":true,"href":"https:\/\/www.mts.si\/hr\/wp-json\/wp\/v2\/comments?post=1701"}],"version-history":[{"count":7,"href":"https:\/\/www.mts.si\/hr\/wp-json\/wp\/v2\/pages\/1701\/revisions"}],"predecessor-version":[{"id":1942,"href":"https:\/\/www.mts.si\/hr\/wp-json\/wp\/v2\/pages\/1701\/revisions\/1942"}],"wp:attachment":[{"href":"https:\/\/www.mts.si\/hr\/wp-json\/wp\/v2\/media?parent=1701"}],"curies":[{"name":"wp","href":"https:\/\/api.w.org\/{rel}","templated":true}]}}